{"id":3268,"date":"2025-10-21T13:46:03","date_gmt":"2025-10-21T17:46:03","guid":{"rendered":"https:\/\/arenamemphremagog.com\/?page_id=3268"},"modified":"2025-10-21T13:48:30","modified_gmt":"2025-10-21T17:48:30","slug":"capsules-informatives","status":"publish","type":"page","link":"https:\/\/arenamemphremagog.com\/en\/capsules-informatives\/","title":{"rendered":"Capsules informatives"},"content":{"rendered":"<h1 style=\"text-align: center\">Capsules informatives<\/h1>\n<p>&nbsp;<\/p>\n<p>Capsules #1 &#8211; <a href=\"https:\/\/www.youtube.com\/watch?v=PACX8k1oxH8\">Circulation et Stationnement<\/a><\/p>\n","protected":false},"excerpt":{"rendered":"<p>Capsules informatives &nbsp; Capsules #1 &#8211; Circulation et Stationnement<\/p>\n","protected":false},"author":503,"featured_media":0,"parent":0,"menu_order":0,"comment_status":"closed","ping_status":"closed","template":"","meta":{"_acf_changed":false,"footnotes":""},"class_list":["post-3268","page","type-page","status-publish","hentry"],"acf":[],"yoast_head":"<!-- This site is optimized with the Yoast SEO plugin v25.7 - https:\/\/yoast.com\/wordpress\/plugins\/seo\/ -->\n<title>Capsules informatives - Ar\u00e9na Memphr\u00e9magog<\/title>\n<meta name=\"robots\" content=\"index, follow, max-snippet:-1, max-image-preview:large, max-video-preview:-1\" \/>\n<link rel=\"canonical\" href=\"https:\/\/arenamemphremagog.com\/capsules-informatives\/\" \/>\n<meta property=\"og:locale\" content=\"en_US\" \/>\n<meta property=\"og:type\" content=\"article\" \/>\n<meta property=\"og:title\" content=\"Capsules informatives - Ar\u00e9na Memphr\u00e9magog\" \/>\n<meta property=\"og:description\" content=\"Capsules informatives &nbsp; Capsules #1 &#8211; Circulation et Stationnement\" \/>\n<meta property=\"og:url\" content=\"https:\/\/arenamemphremagog.com\/capsules-informatives\/\" \/>\n<meta property=\"og:site_name\" content=\"Ar\u00e9na Memphr\u00e9magog\" \/>\n<meta property=\"article:modified_time\" content=\"2025-10-21T17:48:30+00:00\" \/>\n<meta name=\"twitter:card\" content=\"summary_large_image\" \/>\n<meta name=\"twitter:label1\" content=\"Est. reading time\" \/>\n\t<meta name=\"twitter:data1\" content=\"1 minute\" \/>\n<script type=\"application\/ld+json\" class=\"yoast-schema-graph\">{\"@context\":\"https:\/\/schema.org\",\"@graph\":[{\"@type\":\"WebPage\",\"@id\":\"https:\/\/arenamemphremagog.com\/capsules-informatives\/\",\"url\":\"https:\/\/arenamemphremagog.com\/capsules-informatives\/\",\"name\":\"Capsules informatives - Ar\u00e9na Memphr\u00e9magog\",\"isPartOf\":{\"@id\":\"https:\/\/arenamemphremagog.com\/#website\"},\"datePublished\":\"2025-10-21T17:46:03+00:00\",\"dateModified\":\"2025-10-21T17:48:30+00:00\",\"breadcrumb\":{\"@id\":\"https:\/\/arenamemphremagog.com\/capsules-informatives\/#breadcrumb\"},\"inLanguage\":\"en-US\",\"potentialAction\":[{\"@type\":\"ReadAction\",\"target\":[\"https:\/\/arenamemphremagog.com\/capsules-informatives\/\"]}]},{\"@type\":\"BreadcrumbList\",\"@id\":\"https:\/\/arenamemphremagog.com\/capsules-informatives\/#breadcrumb\",\"itemListElement\":[{\"@type\":\"ListItem\",\"position\":1,\"name\":\"Accueil\",\"item\":\"https:\/\/arenamemphremagog.com\/en\/\"},{\"@type\":\"ListItem\",\"position\":2,\"name\":\"Capsules informatives\"}]},{\"@type\":\"WebSite\",\"@id\":\"https:\/\/arenamemphremagog.com\/#website\",\"url\":\"https:\/\/arenamemphremagog.com\/\",\"name\":\"Ar\u00e9na Memphr\u00e9magog\",\"description\":\"Un site utilisant Les sites de Shark M\u00e9dia & Sport, template Slapshot\",\"potentialAction\":[{\"@type\":\"SearchAction\",\"target\":{\"@type\":\"EntryPoint\",\"urlTemplate\":\"https:\/\/arenamemphremagog.com\/?s={search_term_string}\"},\"query-input\":{\"@type\":\"PropertyValueSpecification\",\"valueRequired\":true,\"valueName\":\"search_term_string\"}}],\"inLanguage\":\"en-US\"}]}<\/script>\n<!-- \/ Yoast SEO plugin. -->","yoast_head_json":{"title":"Capsules informatives - Ar\u00e9na Memphr\u00e9magog","robots":{"index":"index","follow":"follow","max-snippet":"max-snippet:-1","max-image-preview":"max-image-preview:large","max-video-preview":"max-video-preview:-1"},"canonical":"https:\/\/arenamemphremagog.com\/capsules-informatives\/","og_locale":"en_US","og_type":"article","og_title":"Capsules informatives - Ar\u00e9na Memphr\u00e9magog","og_description":"Capsules informatives &nbsp; Capsules #1 &#8211; Circulation et Stationnement","og_url":"https:\/\/arenamemphremagog.com\/capsules-informatives\/","og_site_name":"Ar\u00e9na Memphr\u00e9magog","article_modified_time":"2025-10-21T17:48:30+00:00","twitter_card":"summary_large_image","twitter_misc":{"Est. reading time":"1 minute"},"schema":{"@context":"https:\/\/schema.org","@graph":[{"@type":"WebPage","@id":"https:\/\/arenamemphremagog.com\/capsules-informatives\/","url":"https:\/\/arenamemphremagog.com\/capsules-informatives\/","name":"Capsules informatives - Ar\u00e9na Memphr\u00e9magog","isPartOf":{"@id":"https:\/\/arenamemphremagog.com\/#website"},"datePublished":"2025-10-21T17:46:03+00:00","dateModified":"2025-10-21T17:48:30+00:00","breadcrumb":{"@id":"https:\/\/arenamemphremagog.com\/capsules-informatives\/#breadcrumb"},"inLanguage":"en-US","potentialAction":[{"@type":"ReadAction","target":["https:\/\/arenamemphremagog.com\/capsules-informatives\/"]}]},{"@type":"BreadcrumbList","@id":"https:\/\/arenamemphremagog.com\/capsules-informatives\/#breadcrumb","itemListElement":[{"@type":"ListItem","position":1,"name":"Accueil","item":"https:\/\/arenamemphremagog.com\/en\/"},{"@type":"ListItem","position":2,"name":"Capsules informatives"}]},{"@type":"WebSite","@id":"https:\/\/arenamemphremagog.com\/#website","url":"https:\/\/arenamemphremagog.com\/","name":"Ar\u00e9na Memphr\u00e9magog","description":"Un site utilisant Les sites de Shark M\u00e9dia & Sport, template Slapshot","potentialAction":[{"@type":"SearchAction","target":{"@type":"EntryPoint","urlTemplate":"https:\/\/arenamemphremagog.com\/?s={search_term_string}"},"query-input":{"@type":"PropertyValueSpecification","valueRequired":true,"valueName":"search_term_string"}}],"inLanguage":"en-US"}]}},"_links":{"self":[{"href":"https:\/\/arenamemphremagog.com\/en\/wp-json\/wp\/v2\/pages\/3268","targetHints":{"allow":["GET"]}}],"collection":[{"href":"https:\/\/arenamemphremagog.com\/en\/wp-json\/wp\/v2\/pages"}],"about":[{"href":"https:\/\/arenamemphremagog.com\/en\/wp-json\/wp\/v2\/types\/page"}],"author":[{"embeddable":true,"href":"https:\/\/arenamemphremagog.com\/en\/wp-json\/wp\/v2\/users\/503"}],"replies":[{"embeddable":true,"href":"https:\/\/arenamemphremagog.com\/en\/wp-json\/wp\/v2\/comments?post=3268"}],"version-history":[{"count":2,"href":"https:\/\/arenamemphremagog.com\/en\/wp-json\/wp\/v2\/pages\/3268\/revisions"}],"predecessor-version":[{"id":3274,"href":"https:\/\/arenamemphremagog.com\/en\/wp-json\/wp\/v2\/pages\/3268\/revisions\/3274"}],"wp:attachment":[{"href":"https:\/\/arenamemphremagog.com\/en\/wp-json\/wp\/v2\/media?parent=3268"}],"curies":[{"name":"wp","href":"https:\/\/api.w.org\/{rel}","templated":true}]}}