{"id":3055,"date":"2023-01-18T12:40:18","date_gmt":"2023-01-18T17:40:18","guid":{"rendered":"https:\/\/arenamemphremagog.com\/?page_id=3055"},"modified":"2023-01-18T12:40:18","modified_gmt":"2023-01-18T17:40:18","slug":"cantonniers-m18-aaa","status":"publish","type":"page","link":"https:\/\/arenamemphremagog.com\/en\/cantonniers-m18-aaa\/","title":{"rendered":"Cantonniers M18 AAA"},"content":{"rendered":"<p><img loading=\"lazy\" decoding=\"async\" class=\"size-full wp-image-2915 aligncenter\" src=\"http:\/\/arenamemphremagog.com\/wp-content\/uploads\/sites\/565\/2023\/01\/Cantonniers-M18-AAA.png\" alt=\"\" width=\"250\" height=\"250\" srcset=\"https:\/\/arenamemphremagog.com\/wp-content\/uploads\/sites\/565\/2023\/01\/Cantonniers-M18-AAA.png 250w, https:\/\/arenamemphremagog.com\/wp-content\/uploads\/sites\/565\/2023\/01\/Cantonniers-M18-AAA-150x150.png 150w\" sizes=\"(max-width: 250px) 100vw, 250px\" \/><\/p>\n<p>Les Cantonniers de Magog repr\u00e9sente le hockey Midget AAA (M18) depuis plus de 40 ans dans la r\u00e9gion Magogoise. La notori\u00e9t\u00e9 et la r\u00e9putation de cette organisation n&#8217;est plus \u00e0 faire dans le milieu du hockey en Estrie et partout au Qu\u00e9bec. La construction du nouvel Ar\u00e9na Memphr\u00e9magog est le point culminant d&#8217;un tr\u00e8s long processus d\u00e9but\u00e9 il y a plusieurs ann\u00e9es afin de favoriser le volet sports-\u00e9tudes avec lequel les joueurs doivent composer. En plus d&#8217;\u00eatre dot\u00e9 de vestiaires professionnels et \u00e9quip\u00e9 de la technologie d&#8217;aujourd&#8217;hui, les Cantonniers auront dor\u00e9navant toutes les chances de poursuivre leur d\u00e9veloppement dans un environnement \u00e0 la hauteur des plus grandes organisations au Qu\u00e9bec.<\/p>\n<p>Pour en savoir plus sur les Cantonniers, consulter leur site web: <a href=\"https:\/\/cantonniers.m18aaa.com\/fr\/index.html\">https:\/\/cantonniers.m18aaa.com\/fr\/index.html<\/a><\/p>\n","protected":false},"excerpt":{"rendered":"<p>Les Cantonniers de Magog repr\u00e9sente le hockey Midget AAA (M18) depuis plus de 40 ans dans la r\u00e9gion Magogoise. La notori\u00e9t\u00e9 et la r\u00e9putation de cette organisation n&#8217;est plus \u00e0 faire dans le milieu du hockey en Estrie et partout au Qu\u00e9bec. La construction du nouvel Ar\u00e9na Memphr\u00e9magog est le point culminant d&#8217;un tr\u00e8s long [&hellip;]<\/p>\n","protected":false},"author":503,"featured_media":0,"parent":0,"menu_order":0,"comment_status":"closed","ping_status":"closed","template":"","meta":{"_acf_changed":false,"footnotes":""},"class_list":["post-3055","page","type-page","status-publish","hentry"],"acf":[],"yoast_head":"<!-- This site is optimized with the Yoast SEO plugin v25.7 - https:\/\/yoast.com\/wordpress\/plugins\/seo\/ -->\n<title>Cantonniers M18 AAA - Ar\u00e9na Memphr\u00e9magog<\/title>\n<meta name=\"robots\" content=\"index, follow, max-snippet:-1, max-image-preview:large, max-video-preview:-1\" \/>\n<link rel=\"canonical\" href=\"https:\/\/arenamemphremagog.com\/cantonniers-m18-aaa\/\" \/>\n<meta property=\"og:locale\" content=\"en_US\" \/>\n<meta property=\"og:type\" content=\"article\" \/>\n<meta property=\"og:title\" content=\"Cantonniers M18 AAA - Ar\u00e9na Memphr\u00e9magog\" \/>\n<meta property=\"og:description\" content=\"Les Cantonniers de Magog repr\u00e9sente le hockey Midget AAA (M18) depuis plus de 40 ans dans la r\u00e9gion Magogoise. La notori\u00e9t\u00e9 et la r\u00e9putation de cette organisation n&#8217;est plus \u00e0 faire dans le milieu du hockey en Estrie et partout au Qu\u00e9bec. La construction du nouvel Ar\u00e9na Memphr\u00e9magog est le point culminant d&#8217;un tr\u00e8s long [&hellip;]\" \/>\n<meta property=\"og:url\" content=\"https:\/\/arenamemphremagog.com\/cantonniers-m18-aaa\/\" \/>\n<meta property=\"og:site_name\" content=\"Ar\u00e9na Memphr\u00e9magog\" \/>\n<meta property=\"og:image\" content=\"http:\/\/arenamemphremagog.com\/wp-content\/uploads\/sites\/565\/2023\/01\/Cantonniers-M18-AAA.png\" \/>\n<meta name=\"twitter:card\" content=\"summary_large_image\" \/>\n<meta name=\"twitter:label1\" content=\"Est. reading time\" \/>\n\t<meta name=\"twitter:data1\" content=\"1 minute\" \/>\n<script type=\"application\/ld+json\" class=\"yoast-schema-graph\">{\"@context\":\"https:\/\/schema.org\",\"@graph\":[{\"@type\":\"WebPage\",\"@id\":\"https:\/\/arenamemphremagog.com\/cantonniers-m18-aaa\/\",\"url\":\"https:\/\/arenamemphremagog.com\/cantonniers-m18-aaa\/\",\"name\":\"Cantonniers M18 AAA - Ar\u00e9na Memphr\u00e9magog\",\"isPartOf\":{\"@id\":\"https:\/\/arenamemphremagog.com\/#website\"},\"primaryImageOfPage\":{\"@id\":\"https:\/\/arenamemphremagog.com\/cantonniers-m18-aaa\/#primaryimage\"},\"image\":{\"@id\":\"https:\/\/arenamemphremagog.com\/cantonniers-m18-aaa\/#primaryimage\"},\"thumbnailUrl\":\"http:\/\/arenamemphremagog.com\/wp-content\/uploads\/sites\/565\/2023\/01\/Cantonniers-M18-AAA.png\",\"datePublished\":\"2023-01-18T17:40:18+00:00\",\"breadcrumb\":{\"@id\":\"https:\/\/arenamemphremagog.com\/cantonniers-m18-aaa\/#breadcrumb\"},\"inLanguage\":\"en-US\",\"potentialAction\":[{\"@type\":\"ReadAction\",\"target\":[\"https:\/\/arenamemphremagog.com\/cantonniers-m18-aaa\/\"]}]},{\"@type\":\"ImageObject\",\"inLanguage\":\"en-US\",\"@id\":\"https:\/\/arenamemphremagog.com\/cantonniers-m18-aaa\/#primaryimage\",\"url\":\"http:\/\/arenamemphremagog.com\/wp-content\/uploads\/sites\/565\/2023\/01\/Cantonniers-M18-AAA.png\",\"contentUrl\":\"http:\/\/arenamemphremagog.com\/wp-content\/uploads\/sites\/565\/2023\/01\/Cantonniers-M18-AAA.png\"},{\"@type\":\"BreadcrumbList\",\"@id\":\"https:\/\/arenamemphremagog.com\/cantonniers-m18-aaa\/#breadcrumb\",\"itemListElement\":[{\"@type\":\"ListItem\",\"position\":1,\"name\":\"Accueil\",\"item\":\"https:\/\/arenamemphremagog.com\/en\/\"},{\"@type\":\"ListItem\",\"position\":2,\"name\":\"Cantonniers M18 AAA\"}]},{\"@type\":\"WebSite\",\"@id\":\"https:\/\/arenamemphremagog.com\/#website\",\"url\":\"https:\/\/arenamemphremagog.com\/\",\"name\":\"Ar\u00e9na Memphr\u00e9magog\",\"description\":\"Un site utilisant Les sites de Shark M\u00e9dia & Sport, template Slapshot\",\"potentialAction\":[{\"@type\":\"SearchAction\",\"target\":{\"@type\":\"EntryPoint\",\"urlTemplate\":\"https:\/\/arenamemphremagog.com\/?s={search_term_string}\"},\"query-input\":{\"@type\":\"PropertyValueSpecification\",\"valueRequired\":true,\"valueName\":\"search_term_string\"}}],\"inLanguage\":\"en-US\"}]}<\/script>\n<!-- \/ Yoast SEO plugin. -->","yoast_head_json":{"title":"Cantonniers M18 AAA - Ar\u00e9na Memphr\u00e9magog","robots":{"index":"index","follow":"follow","max-snippet":"max-snippet:-1","max-image-preview":"max-image-preview:large","max-video-preview":"max-video-preview:-1"},"canonical":"https:\/\/arenamemphremagog.com\/cantonniers-m18-aaa\/","og_locale":"en_US","og_type":"article","og_title":"Cantonniers M18 AAA - Ar\u00e9na Memphr\u00e9magog","og_description":"Les Cantonniers de Magog repr\u00e9sente le hockey Midget AAA (M18) depuis plus de 40 ans dans la r\u00e9gion Magogoise. La notori\u00e9t\u00e9 et la r\u00e9putation de cette organisation n&#8217;est plus \u00e0 faire dans le milieu du hockey en Estrie et partout au Qu\u00e9bec. La construction du nouvel Ar\u00e9na Memphr\u00e9magog est le point culminant d&#8217;un tr\u00e8s long [&hellip;]","og_url":"https:\/\/arenamemphremagog.com\/cantonniers-m18-aaa\/","og_site_name":"Ar\u00e9na Memphr\u00e9magog","og_image":[{"url":"http:\/\/arenamemphremagog.com\/wp-content\/uploads\/sites\/565\/2023\/01\/Cantonniers-M18-AAA.png","type":"","width":"","height":""}],"twitter_card":"summary_large_image","twitter_misc":{"Est. reading time":"1 minute"},"schema":{"@context":"https:\/\/schema.org","@graph":[{"@type":"WebPage","@id":"https:\/\/arenamemphremagog.com\/cantonniers-m18-aaa\/","url":"https:\/\/arenamemphremagog.com\/cantonniers-m18-aaa\/","name":"Cantonniers M18 AAA - Ar\u00e9na Memphr\u00e9magog","isPartOf":{"@id":"https:\/\/arenamemphremagog.com\/#website"},"primaryImageOfPage":{"@id":"https:\/\/arenamemphremagog.com\/cantonniers-m18-aaa\/#primaryimage"},"image":{"@id":"https:\/\/arenamemphremagog.com\/cantonniers-m18-aaa\/#primaryimage"},"thumbnailUrl":"http:\/\/arenamemphremagog.com\/wp-content\/uploads\/sites\/565\/2023\/01\/Cantonniers-M18-AAA.png","datePublished":"2023-01-18T17:40:18+00:00","breadcrumb":{"@id":"https:\/\/arenamemphremagog.com\/cantonniers-m18-aaa\/#breadcrumb"},"inLanguage":"en-US","potentialAction":[{"@type":"ReadAction","target":["https:\/\/arenamemphremagog.com\/cantonniers-m18-aaa\/"]}]},{"@type":"ImageObject","inLanguage":"en-US","@id":"https:\/\/arenamemphremagog.com\/cantonniers-m18-aaa\/#primaryimage","url":"http:\/\/arenamemphremagog.com\/wp-content\/uploads\/sites\/565\/2023\/01\/Cantonniers-M18-AAA.png","contentUrl":"http:\/\/arenamemphremagog.com\/wp-content\/uploads\/sites\/565\/2023\/01\/Cantonniers-M18-AAA.png"},{"@type":"BreadcrumbList","@id":"https:\/\/arenamemphremagog.com\/cantonniers-m18-aaa\/#breadcrumb","itemListElement":[{"@type":"ListItem","position":1,"name":"Accueil","item":"https:\/\/arenamemphremagog.com\/en\/"},{"@type":"ListItem","position":2,"name":"Cantonniers M18 AAA"}]},{"@type":"WebSite","@id":"https:\/\/arenamemphremagog.com\/#website","url":"https:\/\/arenamemphremagog.com\/","name":"Ar\u00e9na Memphr\u00e9magog","description":"Un site utilisant Les sites de Shark M\u00e9dia & Sport, template Slapshot","potentialAction":[{"@type":"SearchAction","target":{"@type":"EntryPoint","urlTemplate":"https:\/\/arenamemphremagog.com\/?s={search_term_string}"},"query-input":{"@type":"PropertyValueSpecification","valueRequired":true,"valueName":"search_term_string"}}],"inLanguage":"en-US"}]}},"_links":{"self":[{"href":"https:\/\/arenamemphremagog.com\/en\/wp-json\/wp\/v2\/pages\/3055","targetHints":{"allow":["GET"]}}],"collection":[{"href":"https:\/\/arenamemphremagog.com\/en\/wp-json\/wp\/v2\/pages"}],"about":[{"href":"https:\/\/arenamemphremagog.com\/en\/wp-json\/wp\/v2\/types\/page"}],"author":[{"embeddable":true,"href":"https:\/\/arenamemphremagog.com\/en\/wp-json\/wp\/v2\/users\/503"}],"replies":[{"embeddable":true,"href":"https:\/\/arenamemphremagog.com\/en\/wp-json\/wp\/v2\/comments?post=3055"}],"version-history":[{"count":1,"href":"https:\/\/arenamemphremagog.com\/en\/wp-json\/wp\/v2\/pages\/3055\/revisions"}],"predecessor-version":[{"id":3057,"href":"https:\/\/arenamemphremagog.com\/en\/wp-json\/wp\/v2\/pages\/3055\/revisions\/3057"}],"wp:attachment":[{"href":"https:\/\/arenamemphremagog.com\/en\/wp-json\/wp\/v2\/media?parent=3055"}],"curies":[{"name":"wp","href":"https:\/\/api.w.org\/{rel}","templated":true}]}}